{"id":10276,"date":"2021-05-31T11:39:27","date_gmt":"2021-05-31T16:39:27","guid":{"rendered":"https:\/\/jptradingimports.com\/?post_type=product&#038;p=10276"},"modified":"2021-06-01T16:54:59","modified_gmt":"2021-06-01T21:54:59","slug":"instant-beverage-sol-del-cusco-clove-and-cinnamon-flavor","status":"publish","type":"product","link":"https:\/\/jptradingimports.com\/en\/productos\/bebidas-para-preparar\/instant-beverage-sol-del-cusco-clove-and-cinnamon-flavor\/","title":{"rendered":"Instant Beverage \u00bb Sol del Cusco \u00bb Clove and Cinnamon flavor"},"content":{"rendered":"<p>Delicioso chocolate, elaborado en base a cacao 100% peruano. Disfruta una taza de chocolate a cualquier hora del d\u00eda. F\u00e1cil de preparar. No necesita agregar az\u00facar, t\u00f3malo fr\u00edo o caliente. Tu Sol Del Cusco de siempre ahora al instante, siente su delicioso sabor a clavo y canela.<\/p>","protected":false},"excerpt":{"rendered":"<ul>\n<li>Store in a dry and cool place<\/li>\n<\/ul>","protected":false},"featured_media":10367,"comment_status":"open","ping_status":"closed","template":"","meta":[],"product_cat":[453],"product_tag":[394,197,1925,23,709,429,219,428,1917,426,167,35,1397,1918,71,427,425,1401,1926,45],"class_list":{"0":"post-10276","1":"product","2":"type-product","3":"status-publish","4":"has-post-thumbnail","6":"product_cat-bebidas-para-preparar","7":"product_tag-argentina","8":"product_tag-chile","9":"product_tag-cholate-instantaneo","10":"product_tag-colombia","11":"product_tag-comida-organica","12":"product_tag-comida-saludable-en-estados-unidos","13":"product_tag-ecuador","14":"product_tag-estados-unidos","15":"product_tag-incasur","16":"product_tag-organic-food","17":"product_tag-organico","18":"product_tag-peru","19":"product_tag-productos-incasur","20":"product_tag-productos-incasur-en-estados-unidos","21":"product_tag-recetas","22":"product_tag-recetas-fit","23":"product_tag-salidable","24":"product_tag-sol-del-cuzco","25":"product_tag-tableta-de-chocolate-para-taza","26":"product_tag-tradiciones-andinas","27":"align-left","28":"box-shadow-1","29":"box-shadow-1-hover","30":"ast-product-gallery-layout-horizontal","31":"ast-product-gallery-with-no-image","32":"ast-product-tabs-layout-horizontal","34":"first","35":"instock","36":"shipping-taxable","37":"product-type-simple"},"yoast_head":"<!-- This site is optimized with the Yoast SEO plugin v24.2 - https:\/\/yoast.com\/wordpress\/plugins\/seo\/ -->\n<title>Instant Beverage &quot; Sol del Cusco&quot; Clove and Cinnamon flavor | JP Trading &amp; Global Imports LLC<\/title>\n<meta name=\"description\" content=\"JP Trading &amp; Global Imports LLC Instant Beverage &quot; Sol del Cusco&quot; Clove and Cinnamon flavor\" \/>\n<meta name=\"robots\" content=\"index, follow, max-snippet:-1, max-image-preview:large, max-video-preview:-1\" \/>\n<link rel=\"canonical\" href=\"https:\/\/jptradingimports.com\/en\/productos\/bebidas-para-preparar\/instant-beverage-sol-del-cusco-clove-and-cinnamon-flavor\/\" \/>\n<meta property=\"og:locale\" content=\"en_US\" \/>\n<meta property=\"og:type\" content=\"article\" \/>\n<meta property=\"og:title\" content=\"Instant Beverage &quot; Sol del Cusco&quot; Clove and Cinnamon flavor | JP Trading &amp; Global Imports LLC\" \/>\n<meta property=\"og:description\" content=\"JP Trading &amp; Global Imports LLC Instant Beverage &quot; Sol del Cusco&quot; Clove and Cinnamon flavor\" \/>\n<meta property=\"og:url\" content=\"https:\/\/jptradingimports.com\/en\/productos\/bebidas-para-preparar\/instant-beverage-sol-del-cusco-clove-and-cinnamon-flavor\/\" \/>\n<meta property=\"og:site_name\" content=\"JP Trading &amp; Global Imports LLC\" \/>\n<meta property=\"article:publisher\" content=\"https:\/\/www.facebook.com\/tradicionesandinasfoods\/\" \/>\n<meta property=\"article:modified_time\" content=\"2021-06-01T21:54:59+00:00\" \/>\n<meta property=\"og:image\" content=\"https:\/\/jptradingimports.com\/wp-content\/uploads\/2021\/05\/SOL_DEL_CUSCO_INST_CANELA_CLAVOS_220_g.png\" \/>\n\t<meta property=\"og:image:width\" content=\"500\" \/>\n\t<meta property=\"og:image:height\" content=\"600\" \/>\n\t<meta property=\"og:image:type\" content=\"image\/png\" \/>\n<meta name=\"twitter:card\" content=\"summary_large_image\" \/>\n<meta name=\"twitter:site\" content=\"@TradicionesA\" \/>\n<script type=\"application\/ld+json\" class=\"yoast-schema-graph\">{\"@context\":\"https:\/\/schema.org\",\"@graph\":[{\"@type\":\"WebPage\",\"@id\":\"https:\/\/jptradingimports.com\/en\/productos\/bebidas-para-preparar\/instant-beverage-sol-del-cusco-clove-and-cinnamon-flavor\/\",\"url\":\"https:\/\/jptradingimports.com\/en\/productos\/bebidas-para-preparar\/instant-beverage-sol-del-cusco-clove-and-cinnamon-flavor\/\",\"name\":\"Instant Beverage \\\" Sol del Cusco\\\" Clove and Cinnamon flavor | JP Trading &amp; Global Imports LLC\",\"isPartOf\":{\"@id\":\"https:\/\/jptradingimports.com\/#website\"},\"primaryImageOfPage\":{\"@id\":\"https:\/\/jptradingimports.com\/en\/productos\/bebidas-para-preparar\/instant-beverage-sol-del-cusco-clove-and-cinnamon-flavor\/#primaryimage\"},\"image\":{\"@id\":\"https:\/\/jptradingimports.com\/en\/productos\/bebidas-para-preparar\/instant-beverage-sol-del-cusco-clove-and-cinnamon-flavor\/#primaryimage\"},\"thumbnailUrl\":\"https:\/\/jptradingimports.com\/wp-content\/uploads\/2021\/05\/SOL_DEL_CUSCO_INST_CANELA_CLAVOS_220_g.png\",\"datePublished\":\"2021-05-31T16:39:27+00:00\",\"dateModified\":\"2021-06-01T21:54:59+00:00\",\"description\":\"JP Trading &amp; Global Imports LLC Instant Beverage \\\" Sol del Cusco\\\" Clove and Cinnamon flavor\",\"breadcrumb\":{\"@id\":\"https:\/\/jptradingimports.com\/en\/productos\/bebidas-para-preparar\/instant-beverage-sol-del-cusco-clove-and-cinnamon-flavor\/#breadcrumb\"},\"inLanguage\":\"en-US\",\"potentialAction\":[{\"@type\":\"ReadAction\",\"target\":[\"https:\/\/jptradingimports.com\/en\/productos\/bebidas-para-preparar\/instant-beverage-sol-del-cusco-clove-and-cinnamon-flavor\/\"]}]},{\"@type\":\"ImageObject\",\"inLanguage\":\"en-US\",\"@id\":\"https:\/\/jptradingimports.com\/en\/productos\/bebidas-para-preparar\/instant-beverage-sol-del-cusco-clove-and-cinnamon-flavor\/#primaryimage\",\"url\":\"https:\/\/jptradingimports.com\/wp-content\/uploads\/2021\/05\/SOL_DEL_CUSCO_INST_CANELA_CLAVOS_220_g.png\",\"contentUrl\":\"https:\/\/jptradingimports.com\/wp-content\/uploads\/2021\/05\/SOL_DEL_CUSCO_INST_CANELA_CLAVOS_220_g.png\",\"width\":500,\"height\":600},{\"@type\":\"BreadcrumbList\",\"@id\":\"https:\/\/jptradingimports.com\/en\/productos\/bebidas-para-preparar\/instant-beverage-sol-del-cusco-clove-and-cinnamon-flavor\/#breadcrumb\",\"itemListElement\":[{\"@type\":\"ListItem\",\"position\":1,\"name\":\"Portada\",\"item\":\"https:\/\/jptradingimports.com\/\"},{\"@type\":\"ListItem\",\"position\":2,\"name\":\"PRODUCTOS\",\"item\":\"https:\/\/jptradingimports.com\/productos\/\"},{\"@type\":\"ListItem\",\"position\":3,\"name\":\"Instant Beverage \u00bb Sol del Cusco\u00bb Clove and Cinnamon flavor\"}]},{\"@type\":\"WebSite\",\"@id\":\"https:\/\/jptradingimports.com\/#website\",\"url\":\"https:\/\/jptradingimports.com\/\",\"name\":\"JP Trading &amp; Global Imports LLC\",\"description\":\"Todo el sabor del Mundo en su Hogar\",\"publisher\":{\"@id\":\"https:\/\/jptradingimports.com\/#organization\"},\"potentialAction\":[{\"@type\":\"SearchAction\",\"target\":{\"@type\":\"EntryPoint\",\"urlTemplate\":\"https:\/\/jptradingimports.com\/?s={search_term_string}\"},\"query-input\":{\"@type\":\"PropertyValueSpecification\",\"valueRequired\":true,\"valueName\":\"search_term_string\"}}],\"inLanguage\":\"en-US\"},{\"@type\":\"Organization\",\"@id\":\"https:\/\/jptradingimports.com\/#organization\",\"name\":\"JP Trading & Global Imports LLC\",\"url\":\"https:\/\/jptradingimports.com\/\",\"logo\":{\"@type\":\"ImageObject\",\"inLanguage\":\"en-US\",\"@id\":\"https:\/\/jptradingimports.com\/#\/schema\/logo\/image\/\",\"url\":\"https:\/\/jptradingimports.com\/wp-content\/uploads\/2019\/06\/jp.png\",\"contentUrl\":\"https:\/\/jptradingimports.com\/wp-content\/uploads\/2019\/06\/jp.png\",\"width\":88,\"height\":100,\"caption\":\"JP Trading & Global Imports LLC\"},\"image\":{\"@id\":\"https:\/\/jptradingimports.com\/#\/schema\/logo\/image\/\"},\"sameAs\":[\"https:\/\/www.facebook.com\/tradicionesandinasfoods\/\",\"https:\/\/x.com\/TradicionesA\"]}]}<\/script>\n<!-- \/ Yoast SEO plugin. -->","yoast_head_json":{"title":"Instant Beverage \" Sol del Cusco\" Clove and Cinnamon flavor | JP Trading &amp; Global Imports LLC","description":"JP Trading &amp; Global Imports LLC Instant Beverage \" Sol del Cusco\" Clove and Cinnamon flavor","robots":{"index":"index","follow":"follow","max-snippet":"max-snippet:-1","max-image-preview":"max-image-preview:large","max-video-preview":"max-video-preview:-1"},"canonical":"https:\/\/jptradingimports.com\/en\/productos\/bebidas-para-preparar\/instant-beverage-sol-del-cusco-clove-and-cinnamon-flavor\/","og_locale":"en_US","og_type":"article","og_title":"Instant Beverage \" Sol del Cusco\" Clove and Cinnamon flavor | JP Trading &amp; Global Imports LLC","og_description":"JP Trading &amp; Global Imports LLC Instant Beverage \" Sol del Cusco\" Clove and Cinnamon flavor","og_url":"https:\/\/jptradingimports.com\/en\/productos\/bebidas-para-preparar\/instant-beverage-sol-del-cusco-clove-and-cinnamon-flavor\/","og_site_name":"JP Trading &amp; Global Imports LLC","article_publisher":"https:\/\/www.facebook.com\/tradicionesandinasfoods\/","article_modified_time":"2021-06-01T21:54:59+00:00","og_image":[{"width":500,"height":600,"url":"https:\/\/jptradingimports.com\/wp-content\/uploads\/2021\/05\/SOL_DEL_CUSCO_INST_CANELA_CLAVOS_220_g.png","type":"image\/png"}],"twitter_card":"summary_large_image","twitter_site":"@TradicionesA","schema":{"@context":"https:\/\/schema.org","@graph":[{"@type":"WebPage","@id":"https:\/\/jptradingimports.com\/en\/productos\/bebidas-para-preparar\/instant-beverage-sol-del-cusco-clove-and-cinnamon-flavor\/","url":"https:\/\/jptradingimports.com\/en\/productos\/bebidas-para-preparar\/instant-beverage-sol-del-cusco-clove-and-cinnamon-flavor\/","name":"Instant Beverage \" Sol del Cusco\" Clove and Cinnamon flavor | JP Trading &amp; Global Imports LLC","isPartOf":{"@id":"https:\/\/jptradingimports.com\/#website"},"primaryImageOfPage":{"@id":"https:\/\/jptradingimports.com\/en\/productos\/bebidas-para-preparar\/instant-beverage-sol-del-cusco-clove-and-cinnamon-flavor\/#primaryimage"},"image":{"@id":"https:\/\/jptradingimports.com\/en\/productos\/bebidas-para-preparar\/instant-beverage-sol-del-cusco-clove-and-cinnamon-flavor\/#primaryimage"},"thumbnailUrl":"https:\/\/jptradingimports.com\/wp-content\/uploads\/2021\/05\/SOL_DEL_CUSCO_INST_CANELA_CLAVOS_220_g.png","datePublished":"2021-05-31T16:39:27+00:00","dateModified":"2021-06-01T21:54:59+00:00","description":"JP Trading &amp; Global Imports LLC Instant Beverage \" Sol del Cusco\" Clove and Cinnamon flavor","breadcrumb":{"@id":"https:\/\/jptradingimports.com\/en\/productos\/bebidas-para-preparar\/instant-beverage-sol-del-cusco-clove-and-cinnamon-flavor\/#breadcrumb"},"inLanguage":"en-US","potentialAction":[{"@type":"ReadAction","target":["https:\/\/jptradingimports.com\/en\/productos\/bebidas-para-preparar\/instant-beverage-sol-del-cusco-clove-and-cinnamon-flavor\/"]}]},{"@type":"ImageObject","inLanguage":"en-US","@id":"https:\/\/jptradingimports.com\/en\/productos\/bebidas-para-preparar\/instant-beverage-sol-del-cusco-clove-and-cinnamon-flavor\/#primaryimage","url":"https:\/\/jptradingimports.com\/wp-content\/uploads\/2021\/05\/SOL_DEL_CUSCO_INST_CANELA_CLAVOS_220_g.png","contentUrl":"https:\/\/jptradingimports.com\/wp-content\/uploads\/2021\/05\/SOL_DEL_CUSCO_INST_CANELA_CLAVOS_220_g.png","width":500,"height":600},{"@type":"BreadcrumbList","@id":"https:\/\/jptradingimports.com\/en\/productos\/bebidas-para-preparar\/instant-beverage-sol-del-cusco-clove-and-cinnamon-flavor\/#breadcrumb","itemListElement":[{"@type":"ListItem","position":1,"name":"Portada","item":"https:\/\/jptradingimports.com\/"},{"@type":"ListItem","position":2,"name":"PRODUCTOS","item":"https:\/\/jptradingimports.com\/productos\/"},{"@type":"ListItem","position":3,"name":"Instant Beverage \u00bb Sol del Cusco\u00bb Clove and Cinnamon flavor"}]},{"@type":"WebSite","@id":"https:\/\/jptradingimports.com\/#website","url":"https:\/\/jptradingimports.com\/","name":"JP Trading &amp; Global Imports LLC","description":"Todo el sabor del Mundo en su Hogar","publisher":{"@id":"https:\/\/jptradingimports.com\/#organization"},"potentialAction":[{"@type":"SearchAction","target":{"@type":"EntryPoint","urlTemplate":"https:\/\/jptradingimports.com\/?s={search_term_string}"},"query-input":{"@type":"PropertyValueSpecification","valueRequired":true,"valueName":"search_term_string"}}],"inLanguage":"en-US"},{"@type":"Organization","@id":"https:\/\/jptradingimports.com\/#organization","name":"JP Trading & Global Imports LLC","url":"https:\/\/jptradingimports.com\/","logo":{"@type":"ImageObject","inLanguage":"en-US","@id":"https:\/\/jptradingimports.com\/#\/schema\/logo\/image\/","url":"https:\/\/jptradingimports.com\/wp-content\/uploads\/2019\/06\/jp.png","contentUrl":"https:\/\/jptradingimports.com\/wp-content\/uploads\/2019\/06\/jp.png","width":88,"height":100,"caption":"JP Trading & Global Imports LLC"},"image":{"@id":"https:\/\/jptradingimports.com\/#\/schema\/logo\/image\/"},"sameAs":["https:\/\/www.facebook.com\/tradicionesandinasfoods\/","https:\/\/x.com\/TradicionesA"]}]}},"_links":{"self":[{"href":"https:\/\/jptradingimports.com\/en\/wp-json\/wp\/v2\/product\/10276","targetHints":{"allow":["GET"]}}],"collection":[{"href":"https:\/\/jptradingimports.com\/en\/wp-json\/wp\/v2\/product"}],"about":[{"href":"https:\/\/jptradingimports.com\/en\/wp-json\/wp\/v2\/types\/product"}],"replies":[{"embeddable":true,"href":"https:\/\/jptradingimports.com\/en\/wp-json\/wp\/v2\/comments?post=10276"}],"wp:featuredmedia":[{"embeddable":true,"href":"https:\/\/jptradingimports.com\/en\/wp-json\/wp\/v2\/media\/10367"}],"wp:attachment":[{"href":"https:\/\/jptradingimports.com\/en\/wp-json\/wp\/v2\/media?parent=10276"}],"wp:term":[{"taxonomy":"product_cat","embeddable":true,"href":"https:\/\/jptradingimports.com\/en\/wp-json\/wp\/v2\/product_cat?post=10276"},{"taxonomy":"product_tag","embeddable":true,"href":"https:\/\/jptradingimports.com\/en\/wp-json\/wp\/v2\/product_tag?post=10276"}],"curies":[{"name":"wp","href":"https:\/\/api.w.org\/{rel}","templated":true}]}}