{"id":6814,"date":"2019-05-31T04:50:11","date_gmt":"2019-05-31T09:50:11","guid":{"rendered":"https:\/\/jptradingimports.com\/productos\/aji-ambateno-10oz\/"},"modified":"2019-10-29T02:23:48","modified_gmt":"2019-10-29T07:23:48","slug":"aji-ambateno-10oz","status":"publish","type":"product","link":"https:\/\/jptradingimports.com\/en\/productos\/ingredientes-congelados\/aji-ambateno-10oz\/","title":{"rendered":"Aj\u00ed Ambate\u00f1o 10oz"},"content":{"rendered":"<p>The aj\u00ed ambate\u00f1o is one of the peppers that has been distributed domestically, cultivated mainly in Peru and Mexico, it is one of the most popular in these regions of Latin America.<\/p>","protected":false},"excerpt":{"rendered":"<ul>\n<li>It has high concentrations of carbohydrates, fiber, protein, vitamins A, B1, B2, B6, sulfur, calcium, iron, magnesium, potassium, sodium, magnesium, and iodine.<\/li>\n<\/ul>","protected":false},"featured_media":7981,"comment_status":"open","ping_status":"closed","template":"","meta":[],"product_cat":[117],"product_tag":[243,394,197,23,709,429,219,428,426,167,35,71,427,425],"class_list":{"0":"post-6814","1":"product","2":"type-product","3":"status-publish","4":"has-post-thumbnail","6":"product_cat-ingredientes-congelados","7":"product_tag-aji-ambateno","8":"product_tag-argentina","9":"product_tag-chile","10":"product_tag-colombia","11":"product_tag-comida-organica","12":"product_tag-comida-saludable-en-estados-unidos","13":"product_tag-ecuador","14":"product_tag-estados-unidos","15":"product_tag-organic-food","16":"product_tag-organico","17":"product_tag-peru","18":"product_tag-recetas","19":"product_tag-recetas-fit","20":"product_tag-salidable","21":"align-left","22":"box-shadow-1","23":"box-shadow-1-hover","24":"ast-product-gallery-layout-horizontal","25":"ast-product-gallery-with-no-image","26":"ast-product-tabs-layout-horizontal","28":"first","29":"instock","30":"shipping-taxable","31":"product-type-simple"},"yoast_head":"<!-- This site is optimized with the Yoast SEO plugin v24.2 - https:\/\/yoast.com\/wordpress\/plugins\/seo\/ -->\n<title>Aj\u00ed Ambate\u00f1o 10oz | JP Trading &amp; Global Imports LLC<\/title>\n<meta name=\"description\" content=\"JP Trading &amp; Global Imports LLC Aj\u00ed Ambate\u00f1o 10oz\" \/>\n<meta name=\"robots\" content=\"index, follow, max-snippet:-1, max-image-preview:large, max-video-preview:-1\" \/>\n<link rel=\"canonical\" href=\"https:\/\/jptradingimports.com\/en\/productos\/ingredientes-congelados\/aji-ambateno-10oz\/\" \/>\n<meta property=\"og:locale\" content=\"en_US\" \/>\n<meta property=\"og:type\" content=\"article\" \/>\n<meta property=\"og:title\" content=\"Aj\u00ed Ambate\u00f1o 10oz | JP Trading &amp; Global Imports LLC\" \/>\n<meta property=\"og:description\" content=\"JP Trading &amp; Global Imports LLC Aj\u00ed Ambate\u00f1o 10oz\" \/>\n<meta property=\"og:url\" content=\"https:\/\/jptradingimports.com\/en\/productos\/ingredientes-congelados\/aji-ambateno-10oz\/\" \/>\n<meta property=\"og:site_name\" content=\"JP Trading &amp; Global Imports LLC\" \/>\n<meta property=\"article:publisher\" content=\"https:\/\/www.facebook.com\/tradicionesandinasfoods\/\" \/>\n<meta property=\"article:modified_time\" content=\"2019-10-29T07:23:48+00:00\" \/>\n<meta property=\"og:image\" content=\"https:\/\/jptradingimports.com\/wp-content\/uploads\/2019\/10\/Aji-Ambate\u00f1o-10oz-1.png\" \/>\n\t<meta property=\"og:image:width\" content=\"500\" \/>\n\t<meta property=\"og:image:height\" content=\"600\" \/>\n\t<meta property=\"og:image:type\" content=\"image\/png\" \/>\n<meta name=\"twitter:card\" content=\"summary_large_image\" \/>\n<meta name=\"twitter:site\" content=\"@TradicionesA\" \/>\n<script type=\"application\/ld+json\" class=\"yoast-schema-graph\">{\"@context\":\"https:\/\/schema.org\",\"@graph\":[{\"@type\":\"WebPage\",\"@id\":\"https:\/\/jptradingimports.com\/en\/productos\/ingredientes-congelados\/aji-ambateno-10oz\/\",\"url\":\"https:\/\/jptradingimports.com\/en\/productos\/ingredientes-congelados\/aji-ambateno-10oz\/\",\"name\":\"Aj\u00ed Ambate\u00f1o 10oz | JP Trading &amp; Global Imports LLC\",\"isPartOf\":{\"@id\":\"https:\/\/jptradingimports.com\/#website\"},\"primaryImageOfPage\":{\"@id\":\"https:\/\/jptradingimports.com\/en\/productos\/ingredientes-congelados\/aji-ambateno-10oz\/#primaryimage\"},\"image\":{\"@id\":\"https:\/\/jptradingimports.com\/en\/productos\/ingredientes-congelados\/aji-ambateno-10oz\/#primaryimage\"},\"thumbnailUrl\":\"https:\/\/jptradingimports.com\/wp-content\/uploads\/2019\/10\/Aji-Ambate\u00f1o-10oz-1.png\",\"datePublished\":\"2019-05-31T09:50:11+00:00\",\"dateModified\":\"2019-10-29T07:23:48+00:00\",\"description\":\"JP Trading &amp; Global Imports LLC Aj\u00ed Ambate\u00f1o 10oz\",\"breadcrumb\":{\"@id\":\"https:\/\/jptradingimports.com\/en\/productos\/ingredientes-congelados\/aji-ambateno-10oz\/#breadcrumb\"},\"inLanguage\":\"en-US\",\"potentialAction\":[{\"@type\":\"ReadAction\",\"target\":[\"https:\/\/jptradingimports.com\/en\/productos\/ingredientes-congelados\/aji-ambateno-10oz\/\"]}]},{\"@type\":\"ImageObject\",\"inLanguage\":\"en-US\",\"@id\":\"https:\/\/jptradingimports.com\/en\/productos\/ingredientes-congelados\/aji-ambateno-10oz\/#primaryimage\",\"url\":\"https:\/\/jptradingimports.com\/wp-content\/uploads\/2019\/10\/Aji-Ambate\u00f1o-10oz-1.png\",\"contentUrl\":\"https:\/\/jptradingimports.com\/wp-content\/uploads\/2019\/10\/Aji-Ambate\u00f1o-10oz-1.png\",\"width\":500,\"height\":600},{\"@type\":\"BreadcrumbList\",\"@id\":\"https:\/\/jptradingimports.com\/en\/productos\/ingredientes-congelados\/aji-ambateno-10oz\/#breadcrumb\",\"itemListElement\":[{\"@type\":\"ListItem\",\"position\":1,\"name\":\"Portada\",\"item\":\"https:\/\/jptradingimports.com\/\"},{\"@type\":\"ListItem\",\"position\":2,\"name\":\"PRODUCTOS\",\"item\":\"https:\/\/jptradingimports.com\/productos\/\"},{\"@type\":\"ListItem\",\"position\":3,\"name\":\"Aj\u00ed Ambate\u00f1o 10oz\"}]},{\"@type\":\"WebSite\",\"@id\":\"https:\/\/jptradingimports.com\/#website\",\"url\":\"https:\/\/jptradingimports.com\/\",\"name\":\"JP Trading &amp; Global Imports LLC\",\"description\":\"Todo el sabor del Mundo en su Hogar\",\"publisher\":{\"@id\":\"https:\/\/jptradingimports.com\/#organization\"},\"potentialAction\":[{\"@type\":\"SearchAction\",\"target\":{\"@type\":\"EntryPoint\",\"urlTemplate\":\"https:\/\/jptradingimports.com\/?s={search_term_string}\"},\"query-input\":{\"@type\":\"PropertyValueSpecification\",\"valueRequired\":true,\"valueName\":\"search_term_string\"}}],\"inLanguage\":\"en-US\"},{\"@type\":\"Organization\",\"@id\":\"https:\/\/jptradingimports.com\/#organization\",\"name\":\"JP Trading & Global Imports LLC\",\"url\":\"https:\/\/jptradingimports.com\/\",\"logo\":{\"@type\":\"ImageObject\",\"inLanguage\":\"en-US\",\"@id\":\"https:\/\/jptradingimports.com\/#\/schema\/logo\/image\/\",\"url\":\"https:\/\/jptradingimports.com\/wp-content\/uploads\/2019\/06\/jp.png\",\"contentUrl\":\"https:\/\/jptradingimports.com\/wp-content\/uploads\/2019\/06\/jp.png\",\"width\":88,\"height\":100,\"caption\":\"JP Trading & Global Imports LLC\"},\"image\":{\"@id\":\"https:\/\/jptradingimports.com\/#\/schema\/logo\/image\/\"},\"sameAs\":[\"https:\/\/www.facebook.com\/tradicionesandinasfoods\/\",\"https:\/\/x.com\/TradicionesA\"]}]}<\/script>\n<!-- \/ Yoast SEO plugin. -->","yoast_head_json":{"title":"Aj\u00ed Ambate\u00f1o 10oz | JP Trading &amp; Global Imports LLC","description":"JP Trading &amp; Global Imports LLC Aj\u00ed Ambate\u00f1o 10oz","robots":{"index":"index","follow":"follow","max-snippet":"max-snippet:-1","max-image-preview":"max-image-preview:large","max-video-preview":"max-video-preview:-1"},"canonical":"https:\/\/jptradingimports.com\/en\/productos\/ingredientes-congelados\/aji-ambateno-10oz\/","og_locale":"en_US","og_type":"article","og_title":"Aj\u00ed Ambate\u00f1o 10oz | JP Trading &amp; Global Imports LLC","og_description":"JP Trading &amp; Global Imports LLC Aj\u00ed Ambate\u00f1o 10oz","og_url":"https:\/\/jptradingimports.com\/en\/productos\/ingredientes-congelados\/aji-ambateno-10oz\/","og_site_name":"JP Trading &amp; Global Imports LLC","article_publisher":"https:\/\/www.facebook.com\/tradicionesandinasfoods\/","article_modified_time":"2019-10-29T07:23:48+00:00","og_image":[{"width":500,"height":600,"url":"https:\/\/jptradingimports.com\/wp-content\/uploads\/2019\/10\/Aji-Ambate\u00f1o-10oz-1.png","type":"image\/png"}],"twitter_card":"summary_large_image","twitter_site":"@TradicionesA","schema":{"@context":"https:\/\/schema.org","@graph":[{"@type":"WebPage","@id":"https:\/\/jptradingimports.com\/en\/productos\/ingredientes-congelados\/aji-ambateno-10oz\/","url":"https:\/\/jptradingimports.com\/en\/productos\/ingredientes-congelados\/aji-ambateno-10oz\/","name":"Aj\u00ed Ambate\u00f1o 10oz | JP Trading &amp; Global Imports LLC","isPartOf":{"@id":"https:\/\/jptradingimports.com\/#website"},"primaryImageOfPage":{"@id":"https:\/\/jptradingimports.com\/en\/productos\/ingredientes-congelados\/aji-ambateno-10oz\/#primaryimage"},"image":{"@id":"https:\/\/jptradingimports.com\/en\/productos\/ingredientes-congelados\/aji-ambateno-10oz\/#primaryimage"},"thumbnailUrl":"https:\/\/jptradingimports.com\/wp-content\/uploads\/2019\/10\/Aji-Ambate\u00f1o-10oz-1.png","datePublished":"2019-05-31T09:50:11+00:00","dateModified":"2019-10-29T07:23:48+00:00","description":"JP Trading &amp; Global Imports LLC Aj\u00ed Ambate\u00f1o 10oz","breadcrumb":{"@id":"https:\/\/jptradingimports.com\/en\/productos\/ingredientes-congelados\/aji-ambateno-10oz\/#breadcrumb"},"inLanguage":"en-US","potentialAction":[{"@type":"ReadAction","target":["https:\/\/jptradingimports.com\/en\/productos\/ingredientes-congelados\/aji-ambateno-10oz\/"]}]},{"@type":"ImageObject","inLanguage":"en-US","@id":"https:\/\/jptradingimports.com\/en\/productos\/ingredientes-congelados\/aji-ambateno-10oz\/#primaryimage","url":"https:\/\/jptradingimports.com\/wp-content\/uploads\/2019\/10\/Aji-Ambate\u00f1o-10oz-1.png","contentUrl":"https:\/\/jptradingimports.com\/wp-content\/uploads\/2019\/10\/Aji-Ambate\u00f1o-10oz-1.png","width":500,"height":600},{"@type":"BreadcrumbList","@id":"https:\/\/jptradingimports.com\/en\/productos\/ingredientes-congelados\/aji-ambateno-10oz\/#breadcrumb","itemListElement":[{"@type":"ListItem","position":1,"name":"Portada","item":"https:\/\/jptradingimports.com\/"},{"@type":"ListItem","position":2,"name":"PRODUCTOS","item":"https:\/\/jptradingimports.com\/productos\/"},{"@type":"ListItem","position":3,"name":"Aj\u00ed Ambate\u00f1o 10oz"}]},{"@type":"WebSite","@id":"https:\/\/jptradingimports.com\/#website","url":"https:\/\/jptradingimports.com\/","name":"JP Trading &amp; Global Imports LLC","description":"Todo el sabor del Mundo en su Hogar","publisher":{"@id":"https:\/\/jptradingimports.com\/#organization"},"potentialAction":[{"@type":"SearchAction","target":{"@type":"EntryPoint","urlTemplate":"https:\/\/jptradingimports.com\/?s={search_term_string}"},"query-input":{"@type":"PropertyValueSpecification","valueRequired":true,"valueName":"search_term_string"}}],"inLanguage":"en-US"},{"@type":"Organization","@id":"https:\/\/jptradingimports.com\/#organization","name":"JP Trading & Global Imports LLC","url":"https:\/\/jptradingimports.com\/","logo":{"@type":"ImageObject","inLanguage":"en-US","@id":"https:\/\/jptradingimports.com\/#\/schema\/logo\/image\/","url":"https:\/\/jptradingimports.com\/wp-content\/uploads\/2019\/06\/jp.png","contentUrl":"https:\/\/jptradingimports.com\/wp-content\/uploads\/2019\/06\/jp.png","width":88,"height":100,"caption":"JP Trading & Global Imports LLC"},"image":{"@id":"https:\/\/jptradingimports.com\/#\/schema\/logo\/image\/"},"sameAs":["https:\/\/www.facebook.com\/tradicionesandinasfoods\/","https:\/\/x.com\/TradicionesA"]}]}},"_links":{"self":[{"href":"https:\/\/jptradingimports.com\/en\/wp-json\/wp\/v2\/product\/6814","targetHints":{"allow":["GET"]}}],"collection":[{"href":"https:\/\/jptradingimports.com\/en\/wp-json\/wp\/v2\/product"}],"about":[{"href":"https:\/\/jptradingimports.com\/en\/wp-json\/wp\/v2\/types\/product"}],"replies":[{"embeddable":true,"href":"https:\/\/jptradingimports.com\/en\/wp-json\/wp\/v2\/comments?post=6814"}],"wp:featuredmedia":[{"embeddable":true,"href":"https:\/\/jptradingimports.com\/en\/wp-json\/wp\/v2\/media\/7981"}],"wp:attachment":[{"href":"https:\/\/jptradingimports.com\/en\/wp-json\/wp\/v2\/media?parent=6814"}],"wp:term":[{"taxonomy":"product_cat","embeddable":true,"href":"https:\/\/jptradingimports.com\/en\/wp-json\/wp\/v2\/product_cat?post=6814"},{"taxonomy":"product_tag","embeddable":true,"href":"https:\/\/jptradingimports.com\/en\/wp-json\/wp\/v2\/product_tag?post=6814"}],"curies":[{"name":"wp","href":"https:\/\/api.w.org\/{rel}","templated":true}]}}