{"id":6844,"date":"2019-05-31T04:50:23","date_gmt":"2019-05-31T09:50:23","guid":{"rendered":"https:\/\/jptradingimports.com\/productos\/cojin-de-pina-90gr\/"},"modified":"2019-10-28T22:42:24","modified_gmt":"2019-10-29T03:42:24","slug":"cojin-de-pina-90gr","status":"publish","type":"product","link":"https:\/\/jptradingimports.com\/en\/productos\/fruta-congelada\/cojin-de-pina-90gr\/","title":{"rendered":"Pineapple Cushion 90gr"},"content":{"rendered":"<p>Pineapple is a semi-sweet fruit from a vine fern, it is found mainly in tropical climates of Latin America, and is considered the king of fruits, due to its great benefits and the appearance of the leaf branch That comes out of her.<\/p>","protected":false},"excerpt":{"rendered":"<ul>\n<li>It has vitamins C, B9, A and B3 and niacin, besides possessing potassium, magnesium, calcium, phosphorus, iodine, sodium, zinc and iron.<\/li>\n<\/ul>","protected":false},"featured_media":8078,"comment_status":"open","ping_status":"closed","template":"","meta":[],"product_cat":[115],"product_tag":[],"class_list":{"0":"post-6844","1":"product","2":"type-product","3":"status-publish","4":"has-post-thumbnail","6":"product_cat-fruta-congelada","7":"align-left","8":"box-shadow-1","9":"box-shadow-1-hover","10":"ast-product-gallery-layout-horizontal","11":"ast-product-gallery-with-no-image","12":"ast-product-tabs-layout-horizontal","14":"first","15":"instock","16":"shipping-taxable","17":"product-type-simple"},"yoast_head":"<!-- This site is optimized with the Yoast SEO plugin v24.2 - https:\/\/yoast.com\/wordpress\/plugins\/seo\/ -->\n<title>Coj\u00edn de Pi\u00f1a 90gr | JP Trading &amp; Global Imports LLC<\/title>\n<meta name=\"description\" content=\"JP Trading &amp; Global Imports LLC Coj\u00edn de Pi\u00f1a 90gr\" \/>\n<meta name=\"robots\" content=\"index, follow, max-snippet:-1, max-image-preview:large, max-video-preview:-1\" \/>\n<link rel=\"canonical\" href=\"https:\/\/jptradingimports.com\/en\/productos\/fruta-congelada\/cojin-de-pina-90gr\/\" \/>\n<meta property=\"og:locale\" content=\"en_US\" \/>\n<meta property=\"og:type\" content=\"article\" \/>\n<meta property=\"og:title\" content=\"Coj\u00edn de Pi\u00f1a 90gr | JP Trading &amp; Global Imports LLC\" \/>\n<meta property=\"og:description\" content=\"JP Trading &amp; Global Imports LLC Coj\u00edn de Pi\u00f1a 90gr\" \/>\n<meta property=\"og:url\" content=\"https:\/\/jptradingimports.com\/en\/productos\/fruta-congelada\/cojin-de-pina-90gr\/\" \/>\n<meta property=\"og:site_name\" content=\"JP Trading &amp; Global Imports LLC\" \/>\n<meta property=\"article:publisher\" content=\"https:\/\/www.facebook.com\/tradicionesandinasfoods\/\" \/>\n<meta property=\"article:modified_time\" content=\"2019-10-29T03:42:24+00:00\" \/>\n<meta property=\"og:image\" content=\"https:\/\/jptradingimports.com\/wp-content\/uploads\/2019\/10\/Cojin-de-Pi\u00f1a-90gr-1.png\" \/>\n\t<meta property=\"og:image:width\" content=\"500\" \/>\n\t<meta property=\"og:image:height\" content=\"600\" \/>\n\t<meta property=\"og:image:type\" content=\"image\/png\" \/>\n<meta name=\"twitter:card\" content=\"summary_large_image\" \/>\n<meta name=\"twitter:site\" content=\"@TradicionesA\" \/>\n<script type=\"application\/ld+json\" class=\"yoast-schema-graph\">{\"@context\":\"https:\/\/schema.org\",\"@graph\":[{\"@type\":\"WebPage\",\"@id\":\"https:\/\/jptradingimports.com\/en\/productos\/fruta-congelada\/cojin-de-pina-90gr\/\",\"url\":\"https:\/\/jptradingimports.com\/en\/productos\/fruta-congelada\/cojin-de-pina-90gr\/\",\"name\":\"Coj\u00edn de Pi\u00f1a 90gr | JP Trading &amp; Global Imports LLC\",\"isPartOf\":{\"@id\":\"https:\/\/jptradingimports.com\/#website\"},\"primaryImageOfPage\":{\"@id\":\"https:\/\/jptradingimports.com\/en\/productos\/fruta-congelada\/cojin-de-pina-90gr\/#primaryimage\"},\"image\":{\"@id\":\"https:\/\/jptradingimports.com\/en\/productos\/fruta-congelada\/cojin-de-pina-90gr\/#primaryimage\"},\"thumbnailUrl\":\"https:\/\/jptradingimports.com\/wp-content\/uploads\/2019\/10\/Cojin-de-Pi\u00f1a-90gr-1.png\",\"datePublished\":\"2019-05-31T09:50:23+00:00\",\"dateModified\":\"2019-10-29T03:42:24+00:00\",\"description\":\"JP Trading &amp; Global Imports LLC Coj\u00edn de Pi\u00f1a 90gr\",\"breadcrumb\":{\"@id\":\"https:\/\/jptradingimports.com\/en\/productos\/fruta-congelada\/cojin-de-pina-90gr\/#breadcrumb\"},\"inLanguage\":\"en-US\",\"potentialAction\":[{\"@type\":\"ReadAction\",\"target\":[\"https:\/\/jptradingimports.com\/en\/productos\/fruta-congelada\/cojin-de-pina-90gr\/\"]}]},{\"@type\":\"ImageObject\",\"inLanguage\":\"en-US\",\"@id\":\"https:\/\/jptradingimports.com\/en\/productos\/fruta-congelada\/cojin-de-pina-90gr\/#primaryimage\",\"url\":\"https:\/\/jptradingimports.com\/wp-content\/uploads\/2019\/10\/Cojin-de-Pi\u00f1a-90gr-1.png\",\"contentUrl\":\"https:\/\/jptradingimports.com\/wp-content\/uploads\/2019\/10\/Cojin-de-Pi\u00f1a-90gr-1.png\",\"width\":500,\"height\":600},{\"@type\":\"BreadcrumbList\",\"@id\":\"https:\/\/jptradingimports.com\/en\/productos\/fruta-congelada\/cojin-de-pina-90gr\/#breadcrumb\",\"itemListElement\":[{\"@type\":\"ListItem\",\"position\":1,\"name\":\"Portada\",\"item\":\"https:\/\/jptradingimports.com\/\"},{\"@type\":\"ListItem\",\"position\":2,\"name\":\"PRODUCTOS\",\"item\":\"https:\/\/jptradingimports.com\/productos\/\"},{\"@type\":\"ListItem\",\"position\":3,\"name\":\"Coj\u00edn de Pi\u00f1a 90gr\"}]},{\"@type\":\"WebSite\",\"@id\":\"https:\/\/jptradingimports.com\/#website\",\"url\":\"https:\/\/jptradingimports.com\/\",\"name\":\"JP Trading &amp; Global Imports LLC\",\"description\":\"Todo el sabor del Mundo en su Hogar\",\"publisher\":{\"@id\":\"https:\/\/jptradingimports.com\/#organization\"},\"potentialAction\":[{\"@type\":\"SearchAction\",\"target\":{\"@type\":\"EntryPoint\",\"urlTemplate\":\"https:\/\/jptradingimports.com\/?s={search_term_string}\"},\"query-input\":{\"@type\":\"PropertyValueSpecification\",\"valueRequired\":true,\"valueName\":\"search_term_string\"}}],\"inLanguage\":\"en-US\"},{\"@type\":\"Organization\",\"@id\":\"https:\/\/jptradingimports.com\/#organization\",\"name\":\"JP Trading & Global Imports LLC\",\"url\":\"https:\/\/jptradingimports.com\/\",\"logo\":{\"@type\":\"ImageObject\",\"inLanguage\":\"en-US\",\"@id\":\"https:\/\/jptradingimports.com\/#\/schema\/logo\/image\/\",\"url\":\"https:\/\/jptradingimports.com\/wp-content\/uploads\/2019\/06\/jp.png\",\"contentUrl\":\"https:\/\/jptradingimports.com\/wp-content\/uploads\/2019\/06\/jp.png\",\"width\":88,\"height\":100,\"caption\":\"JP Trading & Global Imports LLC\"},\"image\":{\"@id\":\"https:\/\/jptradingimports.com\/#\/schema\/logo\/image\/\"},\"sameAs\":[\"https:\/\/www.facebook.com\/tradicionesandinasfoods\/\",\"https:\/\/x.com\/TradicionesA\"]}]}<\/script>\n<!-- \/ Yoast SEO plugin. -->","yoast_head_json":{"title":"Coj\u00edn de Pi\u00f1a 90gr | JP Trading &amp; Global Imports LLC","description":"JP Trading &amp; Global Imports LLC Coj\u00edn de Pi\u00f1a 90gr","robots":{"index":"index","follow":"follow","max-snippet":"max-snippet:-1","max-image-preview":"max-image-preview:large","max-video-preview":"max-video-preview:-1"},"canonical":"https:\/\/jptradingimports.com\/en\/productos\/fruta-congelada\/cojin-de-pina-90gr\/","og_locale":"en_US","og_type":"article","og_title":"Coj\u00edn de Pi\u00f1a 90gr | JP Trading &amp; Global Imports LLC","og_description":"JP Trading &amp; Global Imports LLC Coj\u00edn de Pi\u00f1a 90gr","og_url":"https:\/\/jptradingimports.com\/en\/productos\/fruta-congelada\/cojin-de-pina-90gr\/","og_site_name":"JP Trading &amp; Global Imports LLC","article_publisher":"https:\/\/www.facebook.com\/tradicionesandinasfoods\/","article_modified_time":"2019-10-29T03:42:24+00:00","og_image":[{"width":500,"height":600,"url":"https:\/\/jptradingimports.com\/wp-content\/uploads\/2019\/10\/Cojin-de-Pi\u00f1a-90gr-1.png","type":"image\/png"}],"twitter_card":"summary_large_image","twitter_site":"@TradicionesA","schema":{"@context":"https:\/\/schema.org","@graph":[{"@type":"WebPage","@id":"https:\/\/jptradingimports.com\/en\/productos\/fruta-congelada\/cojin-de-pina-90gr\/","url":"https:\/\/jptradingimports.com\/en\/productos\/fruta-congelada\/cojin-de-pina-90gr\/","name":"Coj\u00edn de Pi\u00f1a 90gr | JP Trading &amp; Global Imports LLC","isPartOf":{"@id":"https:\/\/jptradingimports.com\/#website"},"primaryImageOfPage":{"@id":"https:\/\/jptradingimports.com\/en\/productos\/fruta-congelada\/cojin-de-pina-90gr\/#primaryimage"},"image":{"@id":"https:\/\/jptradingimports.com\/en\/productos\/fruta-congelada\/cojin-de-pina-90gr\/#primaryimage"},"thumbnailUrl":"https:\/\/jptradingimports.com\/wp-content\/uploads\/2019\/10\/Cojin-de-Pi\u00f1a-90gr-1.png","datePublished":"2019-05-31T09:50:23+00:00","dateModified":"2019-10-29T03:42:24+00:00","description":"JP Trading &amp; Global Imports LLC Coj\u00edn de Pi\u00f1a 90gr","breadcrumb":{"@id":"https:\/\/jptradingimports.com\/en\/productos\/fruta-congelada\/cojin-de-pina-90gr\/#breadcrumb"},"inLanguage":"en-US","potentialAction":[{"@type":"ReadAction","target":["https:\/\/jptradingimports.com\/en\/productos\/fruta-congelada\/cojin-de-pina-90gr\/"]}]},{"@type":"ImageObject","inLanguage":"en-US","@id":"https:\/\/jptradingimports.com\/en\/productos\/fruta-congelada\/cojin-de-pina-90gr\/#primaryimage","url":"https:\/\/jptradingimports.com\/wp-content\/uploads\/2019\/10\/Cojin-de-Pi\u00f1a-90gr-1.png","contentUrl":"https:\/\/jptradingimports.com\/wp-content\/uploads\/2019\/10\/Cojin-de-Pi\u00f1a-90gr-1.png","width":500,"height":600},{"@type":"BreadcrumbList","@id":"https:\/\/jptradingimports.com\/en\/productos\/fruta-congelada\/cojin-de-pina-90gr\/#breadcrumb","itemListElement":[{"@type":"ListItem","position":1,"name":"Portada","item":"https:\/\/jptradingimports.com\/"},{"@type":"ListItem","position":2,"name":"PRODUCTOS","item":"https:\/\/jptradingimports.com\/productos\/"},{"@type":"ListItem","position":3,"name":"Coj\u00edn de Pi\u00f1a 90gr"}]},{"@type":"WebSite","@id":"https:\/\/jptradingimports.com\/#website","url":"https:\/\/jptradingimports.com\/","name":"JP Trading &amp; Global Imports LLC","description":"Todo el sabor del Mundo en su Hogar","publisher":{"@id":"https:\/\/jptradingimports.com\/#organization"},"potentialAction":[{"@type":"SearchAction","target":{"@type":"EntryPoint","urlTemplate":"https:\/\/jptradingimports.com\/?s={search_term_string}"},"query-input":{"@type":"PropertyValueSpecification","valueRequired":true,"valueName":"search_term_string"}}],"inLanguage":"en-US"},{"@type":"Organization","@id":"https:\/\/jptradingimports.com\/#organization","name":"JP Trading & Global Imports LLC","url":"https:\/\/jptradingimports.com\/","logo":{"@type":"ImageObject","inLanguage":"en-US","@id":"https:\/\/jptradingimports.com\/#\/schema\/logo\/image\/","url":"https:\/\/jptradingimports.com\/wp-content\/uploads\/2019\/06\/jp.png","contentUrl":"https:\/\/jptradingimports.com\/wp-content\/uploads\/2019\/06\/jp.png","width":88,"height":100,"caption":"JP Trading & Global Imports LLC"},"image":{"@id":"https:\/\/jptradingimports.com\/#\/schema\/logo\/image\/"},"sameAs":["https:\/\/www.facebook.com\/tradicionesandinasfoods\/","https:\/\/x.com\/TradicionesA"]}]}},"_links":{"self":[{"href":"https:\/\/jptradingimports.com\/en\/wp-json\/wp\/v2\/product\/6844","targetHints":{"allow":["GET"]}}],"collection":[{"href":"https:\/\/jptradingimports.com\/en\/wp-json\/wp\/v2\/product"}],"about":[{"href":"https:\/\/jptradingimports.com\/en\/wp-json\/wp\/v2\/types\/product"}],"replies":[{"embeddable":true,"href":"https:\/\/jptradingimports.com\/en\/wp-json\/wp\/v2\/comments?post=6844"}],"wp:featuredmedia":[{"embeddable":true,"href":"https:\/\/jptradingimports.com\/en\/wp-json\/wp\/v2\/media\/8078"}],"wp:attachment":[{"href":"https:\/\/jptradingimports.com\/en\/wp-json\/wp\/v2\/media?parent=6844"}],"wp:term":[{"taxonomy":"product_cat","embeddable":true,"href":"https:\/\/jptradingimports.com\/en\/wp-json\/wp\/v2\/product_cat?post=6844"},{"taxonomy":"product_tag","embeddable":true,"href":"https:\/\/jptradingimports.com\/en\/wp-json\/wp\/v2\/product_tag?post=6844"}],"curies":[{"name":"wp","href":"https:\/\/api.w.org\/{rel}","templated":true}]}}