{"id":7063,"date":"2019-06-11T12:32:10","date_gmt":"2019-06-11T17:32:10","guid":{"rendered":"https:\/\/jptradingimports.com\/?post_type=product&#038;p=7063"},"modified":"2019-10-28T20:53:26","modified_gmt":"2019-10-29T01:53:26","slug":"maiz-atomico-andino-con-maca","status":"publish","type":"product","link":"https:\/\/jptradingimports.com\/en\/productos\/dulces-galletas-y-postres\/maiz-atomico-andino-con-maca\/","title":{"rendered":"Andean Atomic Maize with Maca"},"content":{"rendered":"<p>The Andean Atomic corn with Maca, is a delicious breakfast or snack of caramel-inflated corn, in addition to being enriched with maca.<\/p>","protected":false},"excerpt":{"rendered":"<ul>\n<li>Corn is one of the most beneficial cereals for health, as it is high in fiber, which is very important to have a balanced diet, in addition to being high in vitamins A, B and E and an innumerable amount of minerals.<\/li>\n<\/ul>","protected":false},"featured_media":8188,"comment_status":"open","ping_status":"closed","template":"","meta":[],"product_cat":[443],"product_tag":[521,518,516,519,517,520,35],"class_list":{"0":"post-7063","1":"product","2":"type-product","3":"status-publish","4":"has-post-thumbnail","6":"product_cat-dulces-galletas-y-postres","7":"product_tag-cereales","8":"product_tag-delicias-peruanas","9":"product_tag-dulces-peruanos","10":"product_tag-dulces-peruanos-en-estados-unidos","11":"product_tag-dulces-tipicos-peruanos","12":"product_tag-galletas","13":"product_tag-peru","14":"align-left","15":"box-shadow-1","16":"box-shadow-1-hover","17":"ast-product-gallery-layout-horizontal","18":"ast-product-gallery-with-no-image","19":"ast-product-tabs-layout-horizontal","21":"first","22":"instock","23":"shipping-taxable","24":"product-type-simple"},"yoast_head":"<!-- This site is optimized with the Yoast SEO plugin v24.2 - https:\/\/yoast.com\/wordpress\/plugins\/seo\/ -->\n<title>Ma\u00edz At\u00f3mico Andino con Maca | JP Trading &amp; Global Imports LLC<\/title>\n<meta name=\"description\" content=\"JP Trading &amp; Global Imports LLC Ma\u00edz At\u00f3mico Andino con Maca\" \/>\n<meta name=\"robots\" content=\"index, follow, max-snippet:-1, max-image-preview:large, max-video-preview:-1\" \/>\n<link rel=\"canonical\" href=\"https:\/\/jptradingimports.com\/en\/productos\/dulces-galletas-y-postres\/maiz-atomico-andino-con-maca\/\" \/>\n<meta property=\"og:locale\" content=\"en_US\" \/>\n<meta property=\"og:type\" content=\"article\" \/>\n<meta property=\"og:title\" content=\"Ma\u00edz At\u00f3mico Andino con Maca | JP Trading &amp; Global Imports LLC\" \/>\n<meta property=\"og:description\" content=\"JP Trading &amp; Global Imports LLC Ma\u00edz At\u00f3mico Andino con Maca\" \/>\n<meta property=\"og:url\" content=\"https:\/\/jptradingimports.com\/en\/productos\/dulces-galletas-y-postres\/maiz-atomico-andino-con-maca\/\" \/>\n<meta property=\"og:site_name\" content=\"JP Trading &amp; Global Imports LLC\" \/>\n<meta property=\"article:publisher\" content=\"https:\/\/www.facebook.com\/tradicionesandinasfoods\/\" \/>\n<meta property=\"article:modified_time\" content=\"2019-10-29T01:53:26+00:00\" \/>\n<meta property=\"og:image\" content=\"https:\/\/jptradingimports.com\/wp-content\/uploads\/2019\/10\/ma\u00edz-atomico-con-maca-1.png\" \/>\n\t<meta property=\"og:image:width\" content=\"500\" \/>\n\t<meta property=\"og:image:height\" content=\"600\" \/>\n\t<meta property=\"og:image:type\" content=\"image\/png\" \/>\n<meta name=\"twitter:card\" content=\"summary_large_image\" \/>\n<meta name=\"twitter:site\" content=\"@TradicionesA\" \/>\n<script type=\"application\/ld+json\" class=\"yoast-schema-graph\">{\"@context\":\"https:\/\/schema.org\",\"@graph\":[{\"@type\":\"WebPage\",\"@id\":\"https:\/\/jptradingimports.com\/en\/productos\/dulces-galletas-y-postres\/maiz-atomico-andino-con-maca\/\",\"url\":\"https:\/\/jptradingimports.com\/en\/productos\/dulces-galletas-y-postres\/maiz-atomico-andino-con-maca\/\",\"name\":\"Ma\u00edz At\u00f3mico Andino con Maca | JP Trading &amp; Global Imports LLC\",\"isPartOf\":{\"@id\":\"https:\/\/jptradingimports.com\/#website\"},\"primaryImageOfPage\":{\"@id\":\"https:\/\/jptradingimports.com\/en\/productos\/dulces-galletas-y-postres\/maiz-atomico-andino-con-maca\/#primaryimage\"},\"image\":{\"@id\":\"https:\/\/jptradingimports.com\/en\/productos\/dulces-galletas-y-postres\/maiz-atomico-andino-con-maca\/#primaryimage\"},\"thumbnailUrl\":\"https:\/\/jptradingimports.com\/wp-content\/uploads\/2019\/10\/ma\u00edz-atomico-con-maca-1.png\",\"datePublished\":\"2019-06-11T17:32:10+00:00\",\"dateModified\":\"2019-10-29T01:53:26+00:00\",\"description\":\"JP Trading &amp; Global Imports LLC Ma\u00edz At\u00f3mico Andino con Maca\",\"breadcrumb\":{\"@id\":\"https:\/\/jptradingimports.com\/en\/productos\/dulces-galletas-y-postres\/maiz-atomico-andino-con-maca\/#breadcrumb\"},\"inLanguage\":\"en-US\",\"potentialAction\":[{\"@type\":\"ReadAction\",\"target\":[\"https:\/\/jptradingimports.com\/en\/productos\/dulces-galletas-y-postres\/maiz-atomico-andino-con-maca\/\"]}]},{\"@type\":\"ImageObject\",\"inLanguage\":\"en-US\",\"@id\":\"https:\/\/jptradingimports.com\/en\/productos\/dulces-galletas-y-postres\/maiz-atomico-andino-con-maca\/#primaryimage\",\"url\":\"https:\/\/jptradingimports.com\/wp-content\/uploads\/2019\/10\/ma\u00edz-atomico-con-maca-1.png\",\"contentUrl\":\"https:\/\/jptradingimports.com\/wp-content\/uploads\/2019\/10\/ma\u00edz-atomico-con-maca-1.png\",\"width\":500,\"height\":600},{\"@type\":\"BreadcrumbList\",\"@id\":\"https:\/\/jptradingimports.com\/en\/productos\/dulces-galletas-y-postres\/maiz-atomico-andino-con-maca\/#breadcrumb\",\"itemListElement\":[{\"@type\":\"ListItem\",\"position\":1,\"name\":\"Portada\",\"item\":\"https:\/\/jptradingimports.com\/\"},{\"@type\":\"ListItem\",\"position\":2,\"name\":\"PRODUCTOS\",\"item\":\"https:\/\/jptradingimports.com\/productos\/\"},{\"@type\":\"ListItem\",\"position\":3,\"name\":\"Ma\u00edz At\u00f3mico Andino con Maca\"}]},{\"@type\":\"WebSite\",\"@id\":\"https:\/\/jptradingimports.com\/#website\",\"url\":\"https:\/\/jptradingimports.com\/\",\"name\":\"JP Trading &amp; Global Imports LLC\",\"description\":\"Todo el sabor del Mundo en su Hogar\",\"publisher\":{\"@id\":\"https:\/\/jptradingimports.com\/#organization\"},\"potentialAction\":[{\"@type\":\"SearchAction\",\"target\":{\"@type\":\"EntryPoint\",\"urlTemplate\":\"https:\/\/jptradingimports.com\/?s={search_term_string}\"},\"query-input\":{\"@type\":\"PropertyValueSpecification\",\"valueRequired\":true,\"valueName\":\"search_term_string\"}}],\"inLanguage\":\"en-US\"},{\"@type\":\"Organization\",\"@id\":\"https:\/\/jptradingimports.com\/#organization\",\"name\":\"JP Trading & Global Imports LLC\",\"url\":\"https:\/\/jptradingimports.com\/\",\"logo\":{\"@type\":\"ImageObject\",\"inLanguage\":\"en-US\",\"@id\":\"https:\/\/jptradingimports.com\/#\/schema\/logo\/image\/\",\"url\":\"https:\/\/jptradingimports.com\/wp-content\/uploads\/2019\/06\/jp.png\",\"contentUrl\":\"https:\/\/jptradingimports.com\/wp-content\/uploads\/2019\/06\/jp.png\",\"width\":88,\"height\":100,\"caption\":\"JP Trading & Global Imports LLC\"},\"image\":{\"@id\":\"https:\/\/jptradingimports.com\/#\/schema\/logo\/image\/\"},\"sameAs\":[\"https:\/\/www.facebook.com\/tradicionesandinasfoods\/\",\"https:\/\/x.com\/TradicionesA\"]}]}<\/script>\n<!-- \/ Yoast SEO plugin. -->","yoast_head_json":{"title":"Ma\u00edz At\u00f3mico Andino con Maca | JP Trading &amp; Global Imports LLC","description":"JP Trading &amp; Global Imports LLC Ma\u00edz At\u00f3mico Andino con Maca","robots":{"index":"index","follow":"follow","max-snippet":"max-snippet:-1","max-image-preview":"max-image-preview:large","max-video-preview":"max-video-preview:-1"},"canonical":"https:\/\/jptradingimports.com\/en\/productos\/dulces-galletas-y-postres\/maiz-atomico-andino-con-maca\/","og_locale":"en_US","og_type":"article","og_title":"Ma\u00edz At\u00f3mico Andino con Maca | JP Trading &amp; Global Imports LLC","og_description":"JP Trading &amp; Global Imports LLC Ma\u00edz At\u00f3mico Andino con Maca","og_url":"https:\/\/jptradingimports.com\/en\/productos\/dulces-galletas-y-postres\/maiz-atomico-andino-con-maca\/","og_site_name":"JP Trading &amp; Global Imports LLC","article_publisher":"https:\/\/www.facebook.com\/tradicionesandinasfoods\/","article_modified_time":"2019-10-29T01:53:26+00:00","og_image":[{"width":500,"height":600,"url":"https:\/\/jptradingimports.com\/wp-content\/uploads\/2019\/10\/ma\u00edz-atomico-con-maca-1.png","type":"image\/png"}],"twitter_card":"summary_large_image","twitter_site":"@TradicionesA","schema":{"@context":"https:\/\/schema.org","@graph":[{"@type":"WebPage","@id":"https:\/\/jptradingimports.com\/en\/productos\/dulces-galletas-y-postres\/maiz-atomico-andino-con-maca\/","url":"https:\/\/jptradingimports.com\/en\/productos\/dulces-galletas-y-postres\/maiz-atomico-andino-con-maca\/","name":"Ma\u00edz At\u00f3mico Andino con Maca | JP Trading &amp; Global Imports LLC","isPartOf":{"@id":"https:\/\/jptradingimports.com\/#website"},"primaryImageOfPage":{"@id":"https:\/\/jptradingimports.com\/en\/productos\/dulces-galletas-y-postres\/maiz-atomico-andino-con-maca\/#primaryimage"},"image":{"@id":"https:\/\/jptradingimports.com\/en\/productos\/dulces-galletas-y-postres\/maiz-atomico-andino-con-maca\/#primaryimage"},"thumbnailUrl":"https:\/\/jptradingimports.com\/wp-content\/uploads\/2019\/10\/ma\u00edz-atomico-con-maca-1.png","datePublished":"2019-06-11T17:32:10+00:00","dateModified":"2019-10-29T01:53:26+00:00","description":"JP Trading &amp; Global Imports LLC Ma\u00edz At\u00f3mico Andino con Maca","breadcrumb":{"@id":"https:\/\/jptradingimports.com\/en\/productos\/dulces-galletas-y-postres\/maiz-atomico-andino-con-maca\/#breadcrumb"},"inLanguage":"en-US","potentialAction":[{"@type":"ReadAction","target":["https:\/\/jptradingimports.com\/en\/productos\/dulces-galletas-y-postres\/maiz-atomico-andino-con-maca\/"]}]},{"@type":"ImageObject","inLanguage":"en-US","@id":"https:\/\/jptradingimports.com\/en\/productos\/dulces-galletas-y-postres\/maiz-atomico-andino-con-maca\/#primaryimage","url":"https:\/\/jptradingimports.com\/wp-content\/uploads\/2019\/10\/ma\u00edz-atomico-con-maca-1.png","contentUrl":"https:\/\/jptradingimports.com\/wp-content\/uploads\/2019\/10\/ma\u00edz-atomico-con-maca-1.png","width":500,"height":600},{"@type":"BreadcrumbList","@id":"https:\/\/jptradingimports.com\/en\/productos\/dulces-galletas-y-postres\/maiz-atomico-andino-con-maca\/#breadcrumb","itemListElement":[{"@type":"ListItem","position":1,"name":"Portada","item":"https:\/\/jptradingimports.com\/"},{"@type":"ListItem","position":2,"name":"PRODUCTOS","item":"https:\/\/jptradingimports.com\/productos\/"},{"@type":"ListItem","position":3,"name":"Ma\u00edz At\u00f3mico Andino con Maca"}]},{"@type":"WebSite","@id":"https:\/\/jptradingimports.com\/#website","url":"https:\/\/jptradingimports.com\/","name":"JP Trading &amp; Global Imports LLC","description":"Todo el sabor del Mundo en su Hogar","publisher":{"@id":"https:\/\/jptradingimports.com\/#organization"},"potentialAction":[{"@type":"SearchAction","target":{"@type":"EntryPoint","urlTemplate":"https:\/\/jptradingimports.com\/?s={search_term_string}"},"query-input":{"@type":"PropertyValueSpecification","valueRequired":true,"valueName":"search_term_string"}}],"inLanguage":"en-US"},{"@type":"Organization","@id":"https:\/\/jptradingimports.com\/#organization","name":"JP Trading & Global Imports LLC","url":"https:\/\/jptradingimports.com\/","logo":{"@type":"ImageObject","inLanguage":"en-US","@id":"https:\/\/jptradingimports.com\/#\/schema\/logo\/image\/","url":"https:\/\/jptradingimports.com\/wp-content\/uploads\/2019\/06\/jp.png","contentUrl":"https:\/\/jptradingimports.com\/wp-content\/uploads\/2019\/06\/jp.png","width":88,"height":100,"caption":"JP Trading & Global Imports LLC"},"image":{"@id":"https:\/\/jptradingimports.com\/#\/schema\/logo\/image\/"},"sameAs":["https:\/\/www.facebook.com\/tradicionesandinasfoods\/","https:\/\/x.com\/TradicionesA"]}]}},"_links":{"self":[{"href":"https:\/\/jptradingimports.com\/en\/wp-json\/wp\/v2\/product\/7063","targetHints":{"allow":["GET"]}}],"collection":[{"href":"https:\/\/jptradingimports.com\/en\/wp-json\/wp\/v2\/product"}],"about":[{"href":"https:\/\/jptradingimports.com\/en\/wp-json\/wp\/v2\/types\/product"}],"replies":[{"embeddable":true,"href":"https:\/\/jptradingimports.com\/en\/wp-json\/wp\/v2\/comments?post=7063"}],"wp:featuredmedia":[{"embeddable":true,"href":"https:\/\/jptradingimports.com\/en\/wp-json\/wp\/v2\/media\/8188"}],"wp:attachment":[{"href":"https:\/\/jptradingimports.com\/en\/wp-json\/wp\/v2\/media?parent=7063"}],"wp:term":[{"taxonomy":"product_cat","embeddable":true,"href":"https:\/\/jptradingimports.com\/en\/wp-json\/wp\/v2\/product_cat?post=7063"},{"taxonomy":"product_tag","embeddable":true,"href":"https:\/\/jptradingimports.com\/en\/wp-json\/wp\/v2\/product_tag?post=7063"}],"curies":[{"name":"wp","href":"https:\/\/api.w.org\/{rel}","templated":true}]}}